{"id":237,"date":"2023-08-15T14:43:00","date_gmt":"2023-08-15T14:43:00","guid":{"rendered":"https:\/\/www.pratica-simonet.ch\/?page_id=237"},"modified":"2023-08-16T05:21:40","modified_gmt":"2023-08-16T05:21:40","slug":"datenschutzerklaerung","status":"publish","type":"page","link":"https:\/\/www.pratica-simonet.ch\/romontsch\/datenschutzerklaerung\/","title":{"rendered":"decleraziun davart la protecziun da datas"},"content":{"rendered":"<p style=\"font-size:13px\">Willkommen auf der Webseite unserer Arztpraxis. Die nachfolgende Datenschutzerkl\u00e4rung gilt f\u00fcr die Nutzung unserer Webseite sowie der darauf angebotenen Dienstleistungen. Die vorliegende Datenschutzerkl\u00e4rung informiert Sie \u00fcber die Erhebung personenbezogener Daten w\u00e4hrend Ihres Besuchs auf dieser Webseite. Mit der Nutzung dieser Webseite erkl\u00e4ren Sie sich mit der Bearbeitung Ihrer Personendaten gem\u00e4ss der vorliegenden Datenschutzerkl\u00e4rung einverstanden.<\/p>\n\n\n\n<p style=\"font-size:13px\">Die Erhebung und die Verarbeitung Ihrer personenbezogenen Daten geschehen unter Beachtung der geltenden datenschutzrechtlichen Gesetze und Anforderungen. Im \u00dcbrigen lehnt die Arztpraxis jegliche Haftung bei der Nutzung dieser Webseite ab.<\/p>\n\n\n\n<p style=\"font-size:13px\">Grunds\u00e4tzlich bietet unsere Arztpraxis ihre Dienstleistungen nur in der Schweiz an und richtet sich prim\u00e4r an in der Schweiz wohnhafte Personen.<\/p>\n\n\n\n<p style=\"font-size:13px\"><strong>Erfassung von allgemeinen Daten und Informationen<\/strong><br>Mit jedem Aufruf der Webseite werden eine Reihe von allgemeinen Daten und Informationen erfasst. Diese allgemeinen Daten und Informationen werden in den Logfiles des Servers gespeichert. Erfasst werden k\u00f6nnen (1) die verwendeten Browsertypen und Versionen, (2) das vom zugreifenden System verwendete Betriebssystem, (3) die Webseite, von welcher ein zugreifendes System auf unsere Webseite gelangt (sogenannte Referrer), (4) die Unterwebseiten, welche \u00fcber ein zugreifendes System auf unserer Webseite angesteuert werden, (5) das Datum und die Uhrzeit eines Zugriffs auf die Webseite, (6) eine Internet-Protokoll-Adresse (IP-Adresse), (7) der Internet-Service-Provider des zugreifenden Systems und (8) sonstige \u00e4hnliche Daten und Informationen, die der Gefahrenabwehr im Falle von Angriffen auf unsere IT-Infrastruktur dienen.<\/p>\n\n\n\n<p style=\"font-size:13px\">Diese Daten und Informationen werden ben\u00f6tigt, um (1) die Inhalte unserer Webseite korrekt darzustellen, (2) die Inhalte unserer Webseite zu optimieren, (3) die dauerhafte Funktionsf\u00e4higkeit unserer IT-Infrastruktur und der Technik unserer Webseite zu gew\u00e4hrleisten sowie um (4) im Falle eines Cyberangriffes den Strafverfolgungsbeh\u00f6rden die notwendigen Informationen bereitzustellen.<\/p>\n\n\n\n<p style=\"font-size:13px\">Weiter kann unsere Arztpraxis diese Daten und Informationen einerseits statistisch und ferner mit dem Ziel auswerten, den Datenschutz und die Datensicherheit ihrer IT-Infrastruktur zu erh\u00f6hen. Die erhobenen Daten und Informationen werden nur zu den eben erw\u00e4hnten Zwecken bearbeitet und werden anschliessend gel\u00f6scht.<\/p>\n\n\n\n<p style=\"font-size:13px\"><strong>Links anderer Webseiten<\/strong><br>Diese Webseite kann Links zu Webseiten anderer Anbieter enthalten. Unsere Arztpraxis hat keinen Einfluss auf diese Webseiten, deren Inhalte, Angebote oder Verf\u00fcgbarkeit oder die dort geltenden Datenschutzerkl\u00e4rungen und -bestimmungen. Sie lehnt daher jegliche Haftung ab.<\/p>\n\n\n\n<p style=\"font-size:13px\"><strong>Cookies und weitere Serviceangebote<\/strong><br>Unsere Arztpraxis kann auf ihrer Webseite Cookies verwenden. Cookies enthalten eine sogenannte Cookie-ID, eine eindeutige Kennung des Cookies, welche Webseiten und Server einem konkreten Internetbrowser zuordnet. Ein bestimmter Internetbrowser kann \u00fcber diese eindeutige Cookie-ID wiedererkannt und identifiziert werden.<\/p>\n\n\n\n<p style=\"font-size:13px\">Solche Informationen \u00fcber die Nutzung dieser Webseite (einschliesslich Ihrer IP-Adresse) k\u00f6nnen z.B. im Falle von Google Analytics an Server im Ausland \u00fcbertragen und dort gespeichert werden. Mit der Nutzung unserer Webseite erkl\u00e4ren Sie sich einverstanden mit der \u00dcbertragung dieser Daten.<\/p>\n\n\n\n<p style=\"font-size:13px\"><strong>Kommunikationsm\u00f6glichkeiten<\/strong><br>Die Webseite unserer Arztpraxis enth\u00e4lt gewisse Angaben, die eine schnelle elektronische Kontaktaufnahme sowie eine unmittelbare Kommunikation erm\u00f6glichen, was ebenfalls eine allgemeine E-Mail-Adresse umfasst. Nehmen Sie \u00fcber die auf unserer Webseite angebotenen Kommunikationsm\u00f6glichkeiten Kontakt mit uns auf, werden Ihre Kontaktangaben und Inhalte lediglich zur Bearbeitung und Beantwortung Ihrer Anfrage verwendet.<\/p>\n\n\n\n<p style=\"font-size:13px\">Bitte beachten Sie: Es kann nicht sichergestellt werden, dass Ihre Daten vertraulich \u00fcbermittelt werden. Deshalb sollen bei dieser Kontaktaufnahme keine vertraulichen Daten (medizinische Anliegen etc.) \u00fcbermittelt werden.<\/p>\n\n\n\n<p style=\"font-size:13px\"><strong>Ihre Rechte<\/strong><br>Gest\u00fctzt auf das Datenschutzgesetz haben Sie verschiedene Rechte wie beispielsweise ein Auskunftsrecht. Zur Geltendmachung Ihrer Rechte setzen Sie sich bitte mit der Arztpraxis in Verbindung. Wir stehen Ihnen f\u00fcr weitere diesbez\u00fcgliche Informationen gerne zur Verf\u00fcgung.<\/p>\n\n\n\n<p style=\"font-size:13px\"><strong>\u00c4nderungen<\/strong><br>Unsere Arztpraxis kann diese Datenschutzerkl\u00e4rung jederzeit ohne Vorank\u00fcndigung anpassen. Es gilt die jeweils aktuelle, auf unserer Webseite publizierte Fassung. Soweit die Datenschutzerkl\u00e4rung Teil eines Vertrages mit Ihnen ist, werden wir Sie im Falle einer Aktualisierung \u00fcber die \u00c4nderung per E-Mail oder auf andere geeignete Weise informieren.<\/p>\n\n\n\n<p style=\"font-size:13px\">Stand: 15.08.2023<\/p>","protected":false},"excerpt":{"rendered":"<p>Willkommen auf der Webseite unserer Arztpraxis. Die nachfolgende Datenschutzerkl\u00e4rung gilt f\u00fcr die Nutzung unserer Webseite sowie der darauf angebotenen Dienstleistungen. Die vorliegende Datenschutzerkl\u00e4rung informiert Sie \u00fcber die Erhebung personenbezogener Daten w\u00e4hrend Ihres Besuchs auf dieser Webseite. Mit der Nutzung dieser Webseite erkl\u00e4ren Sie sich mit der Bearbeitung Ihrer Personendaten gem\u00e4ss der vorliegenden Datenschutzerkl\u00e4rung einverstanden. Die &#8230; <a title=\"decleraziun davart la protecziun da datas\" class=\"read-more\" href=\"https:\/\/www.pratica-simonet.ch\/romontsch\/datenschutzerklaerung\/\" aria-label=\"Read more about Datenschutzerkl\u00e4rung\">Read more<\/a><\/p>","protected":false},"author":1,"featured_media":0,"parent":0,"menu_order":0,"comment_status":"closed","ping_status":"closed","template":"","meta":{"footnotes":""},"class_list":["post-237","page","type-page","status-publish"],"_links":{"self":[{"href":"https:\/\/www.pratica-simonet.ch\/romontsch\/wp-json\/wp\/v2\/pages\/237","targetHints":{"allow":["GET"]}}],"collection":[{"href":"https:\/\/www.pratica-simonet.ch\/romontsch\/wp-json\/wp\/v2\/pages"}],"about":[{"href":"https:\/\/www.pratica-simonet.ch\/romontsch\/wp-json\/wp\/v2\/types\/page"}],"author":[{"embeddable":true,"href":"https:\/\/www.pratica-simonet.ch\/romontsch\/wp-json\/wp\/v2\/users\/1"}],"replies":[{"embeddable":true,"href":"https:\/\/www.pratica-simonet.ch\/romontsch\/wp-json\/wp\/v2\/comments?post=237"}],"version-history":[{"count":4,"href":"https:\/\/www.pratica-simonet.ch\/romontsch\/wp-json\/wp\/v2\/pages\/237\/revisions"}],"predecessor-version":[{"id":244,"href":"https:\/\/www.pratica-simonet.ch\/romontsch\/wp-json\/wp\/v2\/pages\/237\/revisions\/244"}],"wp:attachment":[{"href":"https:\/\/www.pratica-simonet.ch\/romontsch\/wp-json\/wp\/v2\/media?parent=237"}],"curies":[{"name":"wp","href":"https:\/\/api.w.org\/{rel}","templated":true}]}}