{"id":14,"date":"2022-01-23T15:15:55","date_gmt":"2022-01-23T15:15:55","guid":{"rendered":"https:\/\/www.pratica-simonet.ch\/?page_id=14"},"modified":"2025-09-06T05:44:21","modified_gmt":"2025-09-06T05:44:21","slug":"team","status":"publish","type":"page","link":"https:\/\/www.pratica-simonet.ch\/deutsch\/team\/","title":{"rendered":"Team"},"content":{"rendered":"\n<div class=\"wp-block-media-text is-stacked-on-mobile is-vertically-aligned-top\" style=\"grid-template-columns:30% auto\"><figure class=\"wp-block-media-text__media\"><img loading=\"lazy\" decoding=\"async\" width=\"1024\" height=\"768\" src=\"https:\/\/www.pratica-simonet.ch\/wp-content\/uploads\/2023\/01\/team-1024x768.jpg\" alt=\"\" class=\"wp-image-120 size-large\" srcset=\"https:\/\/www.pratica-simonet.ch\/wp-content\/uploads\/2023\/01\/team-1024x768.jpg 1024w, https:\/\/www.pratica-simonet.ch\/wp-content\/uploads\/2023\/01\/team-300x225.jpg 300w, https:\/\/www.pratica-simonet.ch\/wp-content\/uploads\/2023\/01\/team-768x576.jpg 768w, https:\/\/www.pratica-simonet.ch\/wp-content\/uploads\/2023\/01\/team-1536x1152.jpg 1536w, https:\/\/www.pratica-simonet.ch\/wp-content\/uploads\/2023\/01\/team-2048x1536.jpg 2048w\" sizes=\"auto, (max-width: 1024px) 100vw, 1024px\" \/><\/figure><div class=\"wp-block-media-text__content\">\n<p class=\"has-large-font-size\">Romina Simonet<\/p>\n\n\n\n<p class=\"has-medium-font-size\">In Partnerschaft, 2 Kinder (Lorina 2014, Silas 2021)<\/p>\n\n\n\n<p class=\"has-medium-font-size\"><strong>Ausbildung<br><\/strong>2000 &#8211; 2006 Gymnasium der Klosterschule Disentis<br>2006 &#8211; 2007  Biologiestudium an der Universit\u00e4t Bern<br>2007 &#8211; 2013 Humanmedizin an der Universit\u00e4t Bern<br>              2022  Facharztpr\u00fcfung Allgemeine Innere Medizin<\/p>\n\n\n\n<p class=\"has-medium-font-size\"><strong>Berufliche T\u00e4tigkeiten<\/strong><br>2014 &#8211; 2022 <br>Spital Riggisberg (Chirurgie \/ Orthop\u00e4die \/ Innere Medizin \/ interdisziplin\u00e4rer Notfall)<br>Praxiszentrum am Bahnhof, Bern (Hausarztmedizin)<br>Inselspital Bern (Innere Medizin)<br>Hirslanden Bern (Innere Medizin)<br>Dr. med. Marcus Huonder, Disentis (Hausarztmedizin \/ Rheumatologie)<\/p>\n<\/div><\/div>\n\n\n\n<hr class=\"wp-block-separator has-alpha-channel-opacity is-style-dots\"\/>\n\n\n\n<div class=\"wp-block-columns are-vertically-aligned-top is-layout-flex wp-container-core-columns-is-layout-9d6595d7 wp-block-columns-is-layout-flex\">\n<div class=\"wp-block-column is-layout-flow wp-block-column-is-layout-flow\" style=\"flex-basis:70%\">\n<p class=\"has-large-font-size\">Simon Simonet<\/p>\n\n\n\n<p class=\"has-medium-font-size\">Verheiratet<\/p>\n\n\n\n<p class=\"has-medium-font-size\"><strong>Ausbildung<\/strong><br>1996 &#8211; 2003 Gymnasium der Klosterschule Disentis<br>2003 &#8211; 2010  Studium der Elektrotechnik und Informationstechnologie ETH<br>                          Z\u00fcrich (MSc ETH ETIT)<br>2010 &#8211; 2016 Humanmedizin an der Universit\u00e4t Bern<br>              2022  Facharztpr\u00fcfung Allgemeine Innere Medizin<\/p>\n\n\n\n<p class=\"has-medium-font-size\"><strong>Berufliche T\u00e4tigkeiten<\/strong><br>2007 &#8211; 2008 R&amp;D Engineer bei Studer Professional Audio GmbH<br>2010 &#8211; 2016 Software-Engineer am Kantonsspital St. Gallen, Infektiologie<br>2017 &#8211; 2022 <br>Kantonsspital St. Gallen (Innere Medizin \/ Palliativmedizin \/ Schmerzstation \/ interdisziplin\u00e4rer Notfall)<br>Regionalspital Surselva (Chirurgie \/ Orthop\u00e4die)<br>Kantonsspital Graub\u00fcnden (Innere Medizin \/ Notfall)<br>Dr. med. Marcus Huonder, Disentis (Hausarztmedizin \/ Rheumatologie)<\/p>\n<\/div>\n\n\n\n<div class=\"wp-block-column is-layout-flow wp-block-column-is-layout-flow\" style=\"flex-basis:30%\"><\/div>\n<\/div>\n\n\n\n<hr class=\"wp-block-separator has-alpha-channel-opacity is-style-dots\"\/>\n\n\n\n<p class=\"has-large-font-size\"><strong>Medizinische Praxiassistentinnen<\/strong><\/p>\n\n\n\n<p class=\"has-medium-font-size\">Pia Dermon, Daniela Duff, Isabel Sac und Alina Caminada (in Ausbildung)<\/p>\n","protected":false},"excerpt":{"rendered":"<p>Romina Simonet In Partnerschaft, 2 Kinder (Lorina 2014, Silas 2021) Ausbildung2000 &#8211; 2006 Gymnasium der Klosterschule Disentis2006 &#8211; 2007 Biologiestudium an der Universit\u00e4t Bern2007 &#8211; 2013 Humanmedizin an der Universit\u00e4t Bern 2022 Facharztpr\u00fcfung Allgemeine Innere Medizin Berufliche T\u00e4tigkeiten2014 &#8211; 2022 Spital Riggisberg (Chirurgie \/ Orthop\u00e4die \/ Innere Medizin \/ interdisziplin\u00e4rer Notfall)Praxiszentrum am Bahnhof, Bern (Hausarztmedizin)Inselspital &#8230; <a title=\"Team\" class=\"read-more\" href=\"https:\/\/www.pratica-simonet.ch\/deutsch\/team\/\" aria-label=\"Read more about Team\">Read more<\/a><\/p>\n","protected":false},"author":1,"featured_media":0,"parent":0,"menu_order":0,"comment_status":"closed","ping_status":"closed","template":"","meta":{"footnotes":""},"class_list":["post-14","page","type-page","status-publish"],"_links":{"self":[{"href":"https:\/\/www.pratica-simonet.ch\/deutsch\/wp-json\/wp\/v2\/pages\/14","targetHints":{"allow":["GET"]}}],"collection":[{"href":"https:\/\/www.pratica-simonet.ch\/deutsch\/wp-json\/wp\/v2\/pages"}],"about":[{"href":"https:\/\/www.pratica-simonet.ch\/deutsch\/wp-json\/wp\/v2\/types\/page"}],"author":[{"embeddable":true,"href":"https:\/\/www.pratica-simonet.ch\/deutsch\/wp-json\/wp\/v2\/users\/1"}],"replies":[{"embeddable":true,"href":"https:\/\/www.pratica-simonet.ch\/deutsch\/wp-json\/wp\/v2\/comments?post=14"}],"version-history":[{"count":19,"href":"https:\/\/www.pratica-simonet.ch\/deutsch\/wp-json\/wp\/v2\/pages\/14\/revisions"}],"predecessor-version":[{"id":261,"href":"https:\/\/www.pratica-simonet.ch\/deutsch\/wp-json\/wp\/v2\/pages\/14\/revisions\/261"}],"wp:attachment":[{"href":"https:\/\/www.pratica-simonet.ch\/deutsch\/wp-json\/wp\/v2\/media?parent=14"}],"curies":[{"name":"wp","href":"https:\/\/api.w.org\/{rel}","templated":true}]}}